{"id":18,"date":"2008-11-16T18:34:30","date_gmt":"2008-11-16T17:34:30","guid":{"rendered":"http:\/\/www.abendundtanzmusik.de\/?page_id=18"},"modified":"2009-08-21T19:43:56","modified_gmt":"2009-08-21T18:43:56","slug":"rechtliches","status":"publish","type":"page","link":"https:\/\/www.kurze-systems.de\/?page_id=18","title":{"rendered":"Impressum"},"content":{"rendered":"<p><strong>Impressum<\/strong><\/p>\n<p>Sascha Kurze<br \/>\nFriedrich-Griese-Weg 7<br \/>\n23627 Gro\u00df Gr\u00f6nau<\/p>\n<p>Mobil: 0173\/9163457<br \/>\neMail: info@kurze-systems.de<\/p>\n<p>Ust-Idnr.: 27\/053\/13397<\/p>\n<p><strong>Haftungsausschluss:<br \/>\n<\/strong>Diese Website enth\u00e4lt Verkn\u00fcpfungen zu Websites Dritter (&#8222;externe Links&#8220;). Diese Websites unterliegen der Haftung der jeweiligen Betreiber. Der Anbieter hat bei der erstmaligen Verkn\u00fcpfung der externen Links die fremden Inhalte daraufhin \u00fcberpr\u00fcft, ob etwaige Rechtsverst\u00f6\u00dfe bestehen. Zu dem Zeitpunkt waren keine Rechtsverst\u00f6\u00dfe ersichtlich. Der Anbieter hat keinerlei Einfluss auf die aktuelle und zuk\u00fcnftige Gestaltung und auf die Inhalte der verkn\u00fcpften Seiten. Das Setzen von externen Links bedeutet nicht, dass sich der Anbieter die hinter dem Verweis oder Link liegenden Inhalte zu Eigen macht. Eine st\u00e4ndige Kontrolle der externen Links ist f\u00fcr den Anbieter ohne konkrete Hinweise auf Rechtsverst\u00f6\u00dfe nicht zumutbar. Bei Kenntnis von Rechtsverst\u00f6\u00dfen werden jedoch derartige externe Links unverz\u00fcglich gel\u00f6scht.<\/p>\n","protected":false},"excerpt":{"rendered":"<div class=\"mh-excerpt\"><p>Impressum Sascha Kurze Friedrich-Griese-Weg 7 23627 Gro\u00df Gr\u00f6nau Mobil: 0173\/9163457 eMail: info@kurze-systems.de Ust-Idnr.: 27\/053\/13397 Haftungsausschluss: Diese Website enth\u00e4lt Verkn\u00fcpfungen zu Websites Dritter (&#8222;externe Links&#8220;). Diese <a class=\"mh-excerpt-more\" href=\"https:\/\/www.kurze-systems.de\/?page_id=18\" title=\"Impressum\">[&#8230;]<\/a><\/p>\n<\/div>","protected":false},"author":2,"featured_media":0,"parent":0,"menu_order":5,"comment_status":"closed","ping_status":"open","template":"","meta":{"footnotes":""},"class_list":["post-18","page","type-page","status-publish","hentry"],"aioseo_notices":[],"_links":{"self":[{"href":"https:\/\/www.kurze-systems.de\/index.php?rest_route=\/wp\/v2\/pages\/18","targetHints":{"allow":["GET"]}}],"collection":[{"href":"https:\/\/www.kurze-systems.de\/index.php?rest_route=\/wp\/v2\/pages"}],"about":[{"href":"https:\/\/www.kurze-systems.de\/index.php?rest_route=\/wp\/v2\/types\/page"}],"author":[{"embeddable":true,"href":"https:\/\/www.kurze-systems.de\/index.php?rest_route=\/wp\/v2\/users\/2"}],"replies":[{"embeddable":true,"href":"https:\/\/www.kurze-systems.de\/index.php?rest_route=%2Fwp%2Fv2%2Fcomments&post=18"}],"version-history":[{"count":5,"href":"https:\/\/www.kurze-systems.de\/index.php?rest_route=\/wp\/v2\/pages\/18\/revisions"}],"predecessor-version":[{"id":291,"href":"https:\/\/www.kurze-systems.de\/index.php?rest_route=\/wp\/v2\/pages\/18\/revisions\/291"}],"wp:attachment":[{"href":"https:\/\/www.kurze-systems.de\/index.php?rest_route=%2Fwp%2Fv2%2Fmedia&parent=18"}],"curies":[{"name":"wp","href":"https:\/\/api.w.org\/{rel}","templated":true}]}}