{"id":287,"date":"2009-08-21T19:33:22","date_gmt":"2009-08-21T18:33:22","guid":{"rendered":"http:\/\/blog.kurze-systems.de\/?page_id=287"},"modified":"2009-08-21T19:44:51","modified_gmt":"2009-08-21T18:44:51","slug":"rechtliches-2","status":"publish","type":"page","link":"https:\/\/www.kurze-systems.de\/?page_id=287","title":{"rendered":"Rechtliches"},"content":{"rendered":"<p><strong><span style=\"text-decoration: underline;\">Disclaimer &#8211; rechtliche Hinweise<br \/>\n<\/span><\/strong><br \/>\n<strong>\u00a71 Haftungsbeschr\u00e4nkung<br \/>\n<\/strong><br \/>\n<strong>(1) Inhalte dieser Website<\/strong><br \/>\nDie Inhalte dieser Website werden mit gr\u00f6\u00dftm\u00f6glicher Sorgfalt erstellt. Der Anbieter \u00fcbernimmt jedoch keine Gew\u00e4hr f\u00fcr die Richtigkeit, Vollst\u00e4ndigkeit und Aktualit\u00e4t der bereitgestellten Inhalte. Die Nutzung der Inhalte der Website erfolgt auf eigene Gefahr des Nutzers. Namentlich gekennzeichnete Beitr\u00e4ge geben die Meinung des jeweiligen Autors und nicht immer die Meinung des Anbieters wieder.<br \/>\n<strong>(2) Verf\u00fcgbarkeit der Website<\/strong><br \/>\nDer Anbieter wird sich bem\u00fchen, den Dienst m\u00f6glichst unterbrechungsfrei zum Abruf anzubieten. Auch bei aller Sorgfalt k\u00f6nnen aber Ausfallzeiten nicht ausgeschlossen werden. Der Anbieter beh\u00e4lt sich das Recht vor, sein Angebot jederzeit zu \u00e4ndern oder einzustellen.<br \/>\n<strong>(3) Externe Links und Kommentare Ditter<\/strong><br \/>\nDiese Website enth\u00e4lt Verkn\u00fcpfungen zu Websites Dritter (\u201dexterne Links\u201d). Diese Websites unterliegen der Haftung der jeweiligen Betreiber. Der Anbieter hat bei der erstmaligen Verkn\u00fcpfung der externen Links die fremden Inhalte daraufhin \u00fcberpr\u00fcft, ob etwaige Rechtsverst\u00f6\u00dfe bestehen. Zu dem Zeitpunkt waren keine Rechtsverst\u00f6\u00dfe ersichtlich. Der Anbieter hat keinerlei Einfluss auf die aktuelle und zuk\u00fcnftige Gestaltung und auf die Inhalte der verkn\u00fcpften Seiten. Das Setzen von externen Links bedeutet nicht, dass sich der Anbieter die hinter dem Verweis oder Link liegenden Inhalte zu Eigen macht. Eine st\u00e4ndige Kontrolle dieser externen Links ist f\u00fcr den Anbieter ohne konkrete Hinweise auf Rechtsverst\u00f6\u00dfe nicht zumutbar. Bei Kenntnis von Rechtsverst\u00f6\u00dfen werden jedoch derartige externe Links unverz\u00fcglich gel\u00f6scht. Diese Website erlaubt jederzeit die Abgabe von Kommentaren durch Dritte, eine sofortige \u00dcberpr\u00fcfung abgegebener Kommentare auf die Einhaltung ethischer und rechtlicher Normen durch den Betreiber der Seite ist nicht m\u00f6glich. Sind Beitr\u00e4ge oder Kommentare Dritter auf dieser Seite zu beanstanden, so werden bei berechtigten Anliegen diese Beitr\u00e4ge oder Kommentare nach Bekanntwerden der Beanstandung sofort entfernt, hierzu bitten wir um Nachricht \u00fcber unsere Email-Adresse. Der Betreiber dieser Seite erkl\u00e4rt ausdr\u00fccklich, dass Inhalte und Aussagen eventuell zu beanstandeter Beitr\u00e4ge oder Kommentare Dritter nicht die Meinungen und Anschauungen des Websitebetreibers darstellen und macht sich diese nicht zu Eigen.<br \/>\n<strong>(4) Werbeanzeigen<\/strong><br \/>\nF\u00fcr den Inhalt der Werbeanzeigen ist der jeweilige Autor verantwortlich, ebenso wie f\u00fcr den Inhalt der beworbenen Website. Die Darstellung der Werbeanzeige stellt keine Akzeptanz durch den Anbieter dar.<br \/>\n<strong>(5) Kein Vertragsverh\u00e4ltnis<\/strong><br \/>\nMit der Nutzung der Website des Anbieters kommt keinerlei Vertragsverh\u00e4ltnis zwischen dem Nutzer und dem Anbieter zustande. Insofern ergeben sich auch keinerlei vertragliche oder quasivertragliche Anspr\u00fcche gegen den Anbieter.<\/p>\n<p><strong>\u00a72 Urheber- und Leistungsschutzrechte<\/strong><\/p>\n<p>Die auf dieser Website ver\u00f6ffentlichten Inhalte unterliegen dem deutschen Urheber- und Leistungsschutzrecht. Jede vom deutschen Urheber- und Leistungsschutzrecht nicht zugelassene Verwertung bedarf der vorherigen schriftlichen Zustimmung des Anbieters oder jeweiligen Rechteinhabers. Dies gilt insbesondere f\u00fcr Vervielf\u00e4ltigung, Bearbeitung, \u00dcbersetzung, Einspeicherung, Verarbeitung bzw. Wiedergabe von Inhalten in Datenbanken oder anderen elektronischen Medien und Systemen. Inhalte und Rechte Dritter sind dabei als solche gekennzeichnet. Die unerlaubte Vervielf\u00e4ltigung oder Weitergabe einzelner Inhalte oder kompletter Seiten ist nicht gestattet und strafbar. Lediglich die Herstellung von Kopien und Downloads f\u00fcr den pers\u00f6nlichen, privaten und nicht kommerziellen Gebrauch ist erlaubt.<br \/>\nLinks zur Website des Anbieters sind jederzeit willkommen und bed\u00fcrfen keiner Zustimmung durch den Anbieter der Website. Die Darstellung dieser Website in fremden Frames ist nur mit Erlaubnis zul\u00e4ssig.<\/p>\n<p><strong>\u00a73 Datenschutz<\/strong>Durch den Besuch der Website des Anbieters k\u00f6nnen Informationen \u00fcber den Zugriff (Datum, Uhrzeit, betrachtete Seite) auf dem Server gespeichert werden. Diese Daten geh\u00f6ren nicht zu den personenbezogenen Daten, sondern sind anonymisiert. Sie werden ausschlie\u00dflich zu statistischen Zwecken ausgewertet. Eine Weitergabe an Dritte, zu kommerziellen oder nichtkommerziellen Zwecken, findet nicht statt.<br \/>\nDer Anbieter weist ausdr\u00fccklich darauf hin, dass die Daten\u00fcbertragung im Internet (z.B. bei der Kommunikation per E-Mail) Sicherheitsl\u00fccken aufweisen und nicht l\u00fcckenlos vor dem Zugriff durch Dritte gesch\u00fctzt werden kann.<br \/>\nDie Verwendung der Kontaktdaten des Impressums zur gewerblichen Werbung ist ausdr\u00fccklich nicht erw\u00fcnscht, es sei denn der Anbieter hatte zuvor seine schriftliche Einwilligung erteilt oder es besteht bereits eine Gesch\u00e4ftsbeziehung. Der Anbieter und alle auf dieser Website genannten Personen widersprechen hiermit jeder kommerziellen Verwendung und Weitergabe ihrer Daten.<\/p>\n<p>\u00a0<\/p>\n<p><strong>\u00a74 Anwendbares Recht<br \/>\n<\/strong><br \/>\nEs gilt ausschlie\u00dflich das ma\u00dfgebliche Recht der Bundesrepublik Deutschland.<\/p>\n<p><strong>\u00a75 Besondere Nutzungsbedingungen<br \/>\n<\/strong><br \/>\nSoweit besondere Bedingungen f\u00fcr einzelne Nutzungen dieser Websitevon den vorgenannten Nummern 1. bis 4. abweichen, wird an entsprechender Stelle ausdr\u00fccklich darauf hingewiesen. In diesem Falle gelten im jeweiligen Einzelfall die besonderen Nutzungsbedingungen.<br \/>\nQuelle: <a href=\"http:\/\/www.juraforum.de\/\" target=\"_blank\">Juraforum.de<\/a> &#8211; <a href=\"http:\/\/www.juraforum.de\/disclaimer_muster\/\" target=\"_blank\">Disclaimer<\/a>, <a href=\"http:\/\/www.juraforum.de\/urteile\/\" target=\"_blank\">Urteile<\/a>, <a href=\"http:\/\/www.experten-branchenbuch.de\" target=\"_blank\">Anw\u00e4lte<\/a>, <a href=\"http:\/\/www.juraforum.de\/lexikon\/\" target=\"_blank\">Gesetze &amp; Lexikon<\/a><\/p>\n<p><strong>Datenschutzrechtliche Hinweise:<\/strong><\/p>\n<p><strong>\u201cHinweise zur Verwendung von \u201cGoogle Analytics\u201d auf dieser Seite\u201d<\/strong><br \/>\n\u201eDiese Website benutzt Google Analytics, einen Webanalysedienst der Google Inc. (\u201eGoogle\u201c) Google Analytics verwendet sog. \u201eCookies\u201c, Textdateien, die auf Ihrem Computer gespeichert werden und die eine Analyse der Benutzung der Website durch Sie erm\u00f6glicht. Die durch den Cookie erzeugten Informationen \u00fcber Ihre Benutzung diese Website (einschlie\u00dflich Ihrer IP-Adresse) wird an einen Server von Google in den USA \u00fcbertragen und dort gespeichert. Google wird diese Informationen benutzen, um Ihre Nutzung der Website auszuwerten, um Reports \u00fcber die Websiteaktivit\u00e4ten f\u00fcr die Websitebetreiber zusammenzustellen und um weitere mit der Websitenutzung und der Internetnutzung verbundene Dienstleistungen zu erbringen. Auch wird Google diese Informationen gegebenenfalls an Dritte \u00fcbertragen, sofern dies gesetzlich vorgeschrieben oder soweit Dritte diese Daten im Auftrag von Google verarbeiten. Google wird in keinem Fall Ihre IP-Adresse mit anderen Daten der Google in Verbindung bringen. Sie k\u00f6nnen die Installation der Cookies durch eine entsprechende Einstellung Ihrer Browser Software verhindern; wir weisen Sie jedoch darauf hin, dass Sie in diesem Fall gegebenenfalls nicht s\u00e4mtliche Funktionen dieser Website voll umf\u00e4nglich nutzen k\u00f6nnen. Durch die Nutzung dieser Website erkl\u00e4ren Sie sich mit der Bearbeitung der \u00fcber Sie erhobenen Daten durch Google in der zuvor beschriebenen Art und Weise und zu dem zuvor benannten Zweck einverstanden.\u201c<\/p>\n","protected":false},"excerpt":{"rendered":"<div class=\"mh-excerpt\"><p>Disclaimer &#8211; rechtliche Hinweise \u00a71 Haftungsbeschr\u00e4nkung (1) Inhalte dieser Website Die Inhalte dieser Website werden mit gr\u00f6\u00dftm\u00f6glicher Sorgfalt erstellt. Der Anbieter \u00fcbernimmt jedoch keine Gew\u00e4hr <a class=\"mh-excerpt-more\" href=\"https:\/\/www.kurze-systems.de\/?page_id=287\" title=\"Rechtliches\">[&#8230;]<\/a><\/p>\n<\/div>","protected":false},"author":2,"featured_media":0,"parent":0,"menu_order":5,"comment_status":"open","ping_status":"open","template":"","meta":{"footnotes":""},"class_list":["post-287","page","type-page","status-publish","hentry"],"aioseo_notices":[],"_links":{"self":[{"href":"https:\/\/www.kurze-systems.de\/index.php?rest_route=\/wp\/v2\/pages\/287","targetHints":{"allow":["GET"]}}],"collection":[{"href":"https:\/\/www.kurze-systems.de\/index.php?rest_route=\/wp\/v2\/pages"}],"about":[{"href":"https:\/\/www.kurze-systems.de\/index.php?rest_route=\/wp\/v2\/types\/page"}],"author":[{"embeddable":true,"href":"https:\/\/www.kurze-systems.de\/index.php?rest_route=\/wp\/v2\/users\/2"}],"replies":[{"embeddable":true,"href":"https:\/\/www.kurze-systems.de\/index.php?rest_route=%2Fwp%2Fv2%2Fcomments&post=287"}],"version-history":[{"count":3,"href":"https:\/\/www.kurze-systems.de\/index.php?rest_route=\/wp\/v2\/pages\/287\/revisions"}],"predecessor-version":[{"id":292,"href":"https:\/\/www.kurze-systems.de\/index.php?rest_route=\/wp\/v2\/pages\/287\/revisions\/292"}],"wp:attachment":[{"href":"https:\/\/www.kurze-systems.de\/index.php?rest_route=%2Fwp%2Fv2%2Fmedia&parent=287"}],"curies":[{"name":"wp","href":"https:\/\/api.w.org\/{rel}","templated":true}]}}