{"id":48,"date":"2008-12-03T15:31:25","date_gmt":"2008-12-03T14:31:25","guid":{"rendered":"http:\/\/blog.kurze-systems.de\/?page_id=48"},"modified":"2009-04-03T14:59:15","modified_gmt":"2009-04-03T13:59:15","slug":"wie-zertifizieren","status":"publish","type":"page","link":"https:\/\/www.kurze-systems.de\/?page_id=48","title":{"rendered":"Wie zertifizieren?"},"content":{"rendered":"<p><strong>Wie zertifiziert man sich bei Cisco, Microsoft und co.?<\/strong><\/p>\n<p>Viele Neulinge kennen bestimmt das Problem, wie zertifiziert man sich bei Microsoft, Cisco Systems oder anderen Anbietern. Ich hatte unter anderem damals das Problem gehabt, dass ich nicht wusste, wie man sich zertifiziert, geschweige denn wo. Ich werde speziell hier auf die Cisco Systems und Microsoftzertifizierungen eingehen.<\/p>\n<p>\u00a0<\/p>\n<p><strong>Cisco Systems<\/strong><\/p>\n<p>Cisco Systems kennt viele verschiedene Zertifizierungen wie den CCNA (Cisco Systems Network Administrator Discovery \/Exploration), CCNP (Cisco Systems Network Professional) usw.<\/p>\n<p>Um sich bei Cisco Systems sich zertifizieren zu k\u00f6nnen muss man zu aller erst sich eine Netzwerkakademie in der Umgebung suchen. Viele Universit\u00e4ten und Akademien bieten kostenpflichtige Seminare an. Die Kosten liegen zwischen einigen 100\u20ac bis zu mehreren 1000\u20ac. F\u00fcr Rostock ist das beispielsweise die Netzwerkakademie in Warnem\u00fcnde. Dort meldet man sich an, bezahlt seinen Kursbeitrag und wird dann f\u00fcr die Cisco Netacad freigeschaltet (Cisco Academy). Die Akademie findet man unter folgender URL: <a href=\"http:\/\/www.cisco.com\/web\/learning\/netacad\/index.html\">http:\/\/www.cisco.com\/web\/learning\/netacad\/index.html<\/a>\u00a0dort loggt man sich ein und hat Zugriff auf die aktuellen Schulungsunterlagen sowie alle Module. Pro Kurs sind ca. 11 Module (sowie kleine Tests zu den einzelnen Modulen bestehen). Nach den 11 Modulen folgt das Final-Exam, was abgeschlossen werden muss um beispielsweise den CCNA1 abzuschlie\u00dfen. Erst dann darf man mit dem CCNA2 weitermachen bei dem weitere 11 Module und Testate folgen. Nach dem erflogreichen Abschluss des CCNA3 und CCNA4 darf man die Zertifzierung f\u00fcr den CCNA abschlie\u00dfen.<\/p>\n<p>Alle CCNA&#8217;s 1 bis 4 k\u00f6nnen komplett online gel\u00f6st werden (incl. Testate). Den Zertifikatsabschluss muss man jedoch vor Ort machen, der nochmals mit Kosten verbunden ist. Der Umfang f\u00fcr den CCNA besteht bei ca. 70h pro CCNA-Kurs, was bei allen vier Kursen mit 280h zu Buche schl\u00e4gt. Man muss also genug Zeit mitbringen.<\/p>\n<p>Wie sich das ganze bei dem CCNP usw. von Cisco verh\u00e4lt kann ich euch leider noch nicht sagen, aber ich sch\u00e4tze es wird genau so ablaufen.<\/p>\n<p><strong>Wie zertifiziere ich mich bei Microsoft?<\/strong><\/p>\n<p>Zu aller erst sollte man wissen, f\u00fcr was man sich bei Microsoft zertifizieren m\u00f6chte? Soll es die ISA-Firewall sein, oder Windows 2008? Um das herauszufinden gibt es die verschiedensten Kurse die man auf der Microsoft Webseite findet. Das <em>Exam 70-290<\/em> handhabt beispielsweise:\u00a0 <em>Managing and Maintaining a Windows Server 2003 Environment.<\/em> Wichtig ist dass die meisten Microsoftzertifizierungen 70-xxx hei\u00dfen.<\/p>\n<p>Genaueres zu den einzelnen Zertifizierungen findet Ihr hier: <a href=\"http:\/\/www.microsoft.com\/learning\/mcp\/default.mspx\">http:\/\/www.microsoft.com\/learning\/mcp\/default.mspx<\/a><\/p>\n<p>Um sich zu zertifizieren braucht man sich eigentlich haupts\u00e4chlich nur in die Materie \u00fcber MS Press B\u00fccher (<a href=\"http:\/\/www.microsoft-press.de\/\">http:\/\/www.microsoft-press.de\/<\/a>)\u00a0lesen und \u00fcber virtuelle Maschinen, probieren, probieren und testen.<\/p>\n<p>Wenn Ihr euch bereit f\u00fchlt diese Zertifizierung zu bestehen,\u00a0k\u00f6nnt Ihr beispielsweise unter Prometric <a href=\"http:\/\/www.prometric.com\/Microsoft\/default.htm\">http:\/\/www.prometric.com\/Microsoft\/default.htm<\/a>\u00a0das Testcenter suchen, was bei euch in der N\u00e4he ist und einen Termin f\u00fcr die Zertifizierung machen. (PS: Prometric beitet auch viele andere Zertifizierungsm\u00f6glichkeiten an, wie Citrix, HP, VMWare usw.) Um am Ende ein MCSE, MCSA, MCTS oder was wei\u00df ich zu werden, m\u00fcsst ihr bestimmte mehrere 70-xxx Zertifizierungen bestanden haben. Leider \u00e4ndert sich dass immer recht schnell, deswegen am besten bei Microsoft nachschlagen.<\/p>\n<p>Die Kosten liegen je nach Pr\u00fcfung zwischen einigen 100\u20ac bis zu mehreren 1000\u20ac.<\/p>\n<p>Alternativ gibt es auch so genannte Voucher (Gutscheine), wo ich allerdings noch nicht genau wei\u00df, wo man diese her bekommt.<\/p>\n<p>Ansonsten hier noch eine nicht ganz komplette Liste von Zertifizierungen, die man so weit in der IT machen kann: <a href=\"http:\/\/de.wikipedia.org\/wiki\/Liste_der_IT-Zertifikate\">http:\/\/de.wikipedia.org\/wiki\/Liste_der_IT-Zertifikate<\/a><\/p>\n","protected":false},"excerpt":{"rendered":"<div class=\"mh-excerpt\"><p>Wie zertifiziert man sich bei Cisco, Microsoft und co.? Viele Neulinge kennen bestimmt das Problem, wie zertifiziert man sich bei Microsoft, Cisco Systems oder anderen <a class=\"mh-excerpt-more\" href=\"https:\/\/www.kurze-systems.de\/?page_id=48\" title=\"Wie zertifizieren?\">[&#8230;]<\/a><\/p>\n<\/div>","protected":false},"author":2,"featured_media":0,"parent":0,"menu_order":3,"comment_status":"closed","ping_status":"open","template":"","meta":{"footnotes":""},"class_list":["post-48","page","type-page","status-publish","hentry"],"aioseo_notices":[],"_links":{"self":[{"href":"https:\/\/www.kurze-systems.de\/index.php?rest_route=\/wp\/v2\/pages\/48","targetHints":{"allow":["GET"]}}],"collection":[{"href":"https:\/\/www.kurze-systems.de\/index.php?rest_route=\/wp\/v2\/pages"}],"about":[{"href":"https:\/\/www.kurze-systems.de\/index.php?rest_route=\/wp\/v2\/types\/page"}],"author":[{"embeddable":true,"href":"https:\/\/www.kurze-systems.de\/index.php?rest_route=\/wp\/v2\/users\/2"}],"replies":[{"embeddable":true,"href":"https:\/\/www.kurze-systems.de\/index.php?rest_route=%2Fwp%2Fv2%2Fcomments&post=48"}],"version-history":[{"count":7,"href":"https:\/\/www.kurze-systems.de\/index.php?rest_route=\/wp\/v2\/pages\/48\/revisions"}],"predecessor-version":[{"id":110,"href":"https:\/\/www.kurze-systems.de\/index.php?rest_route=\/wp\/v2\/pages\/48\/revisions\/110"}],"wp:attachment":[{"href":"https:\/\/www.kurze-systems.de\/index.php?rest_route=%2Fwp%2Fv2%2Fmedia&parent=48"}],"curies":[{"name":"wp","href":"https:\/\/api.w.org\/{rel}","templated":true}]}}